{"id":4100,"date":"2017-02-13T18:57:17","date_gmt":"2017-02-13T17:57:17","guid":{"rendered":"http:\/\/www.creativewall.it\/?page_id=4100"},"modified":"2018-09-07T14:55:22","modified_gmt":"2018-09-07T12:55:22","slug":"privacy-policy","status":"publish","type":"page","link":"https:\/\/www.creativewall.it\/?page_id=4100","title":{"rendered":"Privacy Policy"},"content":{"rendered":"<p><i>Chi ordina o richiede informazioni mediante il presente sito web, accetta e prende visione della seguente informativa obbligatoria: i dati raccolti in sede d\u2019ordine, saranno usati solo per erogare il servizio e\/o fornire i prodotti acquistati ed adempiere agli obblighi normativi, gestionali, operativi e contabili.<\/p>\n<p><\/i><\/p>\n<p>In questa pagina si descrivono le modalit\u00e0 di gestione del sito internet in riferimento al trattamento dei dati personali degli utenti che lo consultano. Si tratta di un\u2019informativa che \u00e8 resa ai sensi dell&#8217;art. 13 del Regolamento UE 2016\/679 (c.d. GDPR) e art. 13 DLG 196\/2003 a coloro che interagiscono con i servizi web di <strong>DRAGO F.LLI S.R.L.<\/strong> accessibili per via telematica a partire dall\u2019indirizzo:<\/p>\n<p>&nbsp;<\/p>\n<p>www.creativewall.it<\/p>\n<p>&nbsp;<\/p>\n<p>Si informa che le indicazioni riportate nel presente sito possono essere soggette a variazione, al fine di essere sempre aggiornate alla normativa vigente. Si consiglia pertanto di prendere periodicamente visione dell\u2019informativa.<\/p>\n<p>&nbsp;<\/p>\n<ol>\n<li>Titolare e Responsabile del Trattamento &#8211; Titolare del trattamento \u00e8 <strong>DRAGO F.LLI S.R.L.<\/strong> nella persona del suo Presidente contattabile all\u2019indirizzo mail info@dragofratelli.it o presso la sede in Via Yuri Gagarin, 6\/A \u2013 42123 \u2013 Reggio Emilia .<\/li>\n<\/ol>\n<p>&nbsp;<\/p>\n<ol start=\"2\">\n<li>Tipologia di dati trattati &#8211; I dati oggetto del trattamento sono i dati di navigazione e i dati forniti volontariamente dall&#8217;utente, come di seguito definiti.<\/li>\n<\/ol>\n<p><u>Dati di navigazione<\/u><\/p>\n<p>I sistemi informatici e le procedure software preposte al funzionamento di questo sito web acquisiscono, nel corso del loro normale esercizio, alcuni dati personali la cui trasmissione \u00e8 implicita nell\u2019uso dei protocolli di comunicazione di Internet. Si tratta di informazioni che non sono raccolte per essere associate a interessati identificati, ma che per loro stessa natura, potrebbero, attraverso elaborazioni ed associazioni con dati detenuti da terzi, permettere di identificare gli utenti.<\/p>\n<p>In questa categoria di dati rientrano gli indirizzi IP o i nomi a dominio dei computer utilizzati dagli utenti che si connettono al sito, gli indirizzi in notazione URI (Uniform Resource Identifier) delle risorse richieste, l\u2019orario della richiesta, il metodo utilizzato nel sottoporre la richiesta al server, la dimensione del file ottenuto in risposta, il codice numerico indicante lo stato della risposta data al server ed altri parametri relativi al sistema operativo e all\u2019ambiente informatico dell\u2019utente.<\/p>\n<p>Questi dati vengono utilizzati al solo fine di ricavare informazioni statistiche anonime sull\u2019uso del sito e per controllarne il corretto funzionamento e vengono cancellati immediatamente dopo l\u2019elaborazione.<\/p>\n<p><u>Dati forniti volontariamente dall\u2019utente<\/u><\/p>\n<p>L\u2019invio facoltativo, esplicito e volontario di posta elettronica agli indirizzi indicati nel sito, comporta la successiva acquisizione dell\u2019indirizzo del mittente, necessario per rispondere alle richieste, nonch\u00e9 degli altri eventuali dati personali contenuti nella missiva. Specifiche eventuali informative di sintesi vengono riportate o visualizzate nelle pagine del Sito predisposte per i servizi a richiesta, in modo tale da richiamare l\u2019attenzione dell\u2019interessato sul trattamento dei suoi dati personali.<\/p>\n<p>&nbsp;<\/p>\n<ol start=\"3\">\n<li>Finalit\u00e0 del trattamento &#8211; Il trattamento dei dati \u00e8 diretto esclusivamente al raggiungimento delle seguenti finalit\u00e0:<\/li>\n<\/ol>\n<ol>\n<li>finalit\u00e0 connesse all&#8217;utilizzo dei servizi offerti per la navigazione dal sito;<\/li>\n<li>attivit\u00e0 connesse e strumentali alla gestione dei rapporti con la clientela (richieste di contatto).<\/li>\n<li>attivit\u00e0 di marketing, solo ed esclusivamente dietro specifico consenso, finalizzate a invio di materiale pubblicitario\/informativo\/promozionale, invio di newsletters, altres\u00ec in relazione a programmi e promozioni, anche on-line, comunicazioni, sviluppo e mantenimento dei rapporti commerciali;<\/li>\n<\/ol>\n<p>&nbsp;<\/p>\n<p>Il conferimento dei dati per le finalit\u00e0 di cui alle lettere c) \u00e8 facoltativo e va prestato secondo le modalit\u00e0 di cui all&#8217;art. 7 del GDPR. Le comunicazioni relative all\u2019attivit\u00e0 di marketing potranno avvenire mediante l\u2019utilizzo di modalit\u00e0 tradizionali (es: posta cartacea, telefonate con operatore) e telematiche (es: e-mail). Se siete gi\u00e0 nostri clienti, potremo inviarVi le comunicazioni commerciali relative a servizi analoghi a quelli cui state gi\u00e0 usufruendo, salvo Vostro dissenso.<\/p>\n<p>&nbsp;<\/p>\n<ol start=\"4\">\n<li>Modalit\u00e0 di trattamento &#8211; Il trattamento dei dati potr\u00e0 consistere, oltre che nella loro raccolta, nella loro registrazione, organizzazione, conservazione, consultazione, elaborazione, modificazione, selezione, estrazione, raffronto, utilizzo, interconnessione, blocco, comunicazione, cancellazione e distruzione, secondo quanto previsto dall\u2019art. 4 n.2) del GDPR. Potr\u00e0 essere effettuato sia con l\u2019utilizzo di supporto cartaceo, sia con l\u2019ausilio di strumenti elettronici, informatici e telematici, secondo modalit\u00e0 e con strumenti idonei a garantire la sicurezza e la riservatezza dei dati In particolare, saranno adottate tutte le misure tecniche e organizzative adeguate alla protezione dei dati ai fini di soddisfare i requisiti di legge e di tutelare i diritti degli interessati.<\/li>\n<\/ol>\n<p>Il trattamento viene effettuato attraverso sistemi automatizzati per un periodo strettamente necessario a conseguire gli scopi per cui sono stati raccolti e comunque, in conformit\u00e0 alle disposizioni legislative vigenti. Di seguito si allega la tabella contenente l\u2019indicazione dei principali termini di conservazione dei dati.<\/p>\n<p>&nbsp;<\/p>\n<table>\n<tbody>\n<tr>\n<td width=\"151\"><strong><u>PRINCIPALI CATEGORIE<\/u><\/strong><\/td>\n<td width=\"227\"><strong><u>DURATA<\/u><\/strong><\/td>\n<td width=\"264\"><strong><u>RIFERIMENTI NORMATIVI<\/u><\/strong><\/td>\n<\/tr>\n<tr>\n<td width=\"151\">Candidati<\/td>\n<td width=\"227\">Massimo 12 mesi<\/td>\n<td width=\"264\">&nbsp;<\/td>\n<\/tr>\n<tr>\n<td width=\"151\">Dipendenti e somministrati<\/td>\n<td width=\"227\">n.10 anni dalla cessazione del codice civile sulla prescrizione rapporto di lavoro<\/p>\n<p>&nbsp;<\/td>\n<td width=\"264\">art 5 lett. e) del Reg UE 2016\/679 art. 43 del Dpr 600\/73; art. 2946 ordinaria; Titolo I, Capo III, del Dlgs.81\/08 e s.m.i.<\/p>\n<p>&nbsp;<\/td>\n<\/tr>\n<tr>\n<td width=\"151\">Clienti e fornitori<\/td>\n<td width=\"227\">n. 5-10 anni<\/td>\n<td width=\"264\">art. 2948 codice civile che prevede la prescrizione di 5 anni per i pagamenti periodici; art. 2220 codice civile che prevede la conservazione per 10 anni delle scritture contabili; art. 22 del D.P.R. 29 Settembre 1973, n.600.<\/td>\n<\/tr>\n<tr>\n<td width=\"151\">Clienti Prospect<\/p>\n<p>&nbsp;<\/td>\n<td width=\"227\">nel rispetto dei termini prescritti dalla legge per la tipologia di attivit\u00e0 e comunque fino alla revoca del consenso o fino all\u2019esercizio del diritto di opposizione<\/td>\n<td width=\"264\">Provv. generale del 15\/05\/13; art.21 Reg. UE 2016\/679<\/td>\n<\/tr>\n<tr>\n<td width=\"151\">Dati trattati per finalit\u00e0 di attivit\u00e0 marketing<\/td>\n<td width=\"227\">nel rispetto dei termini prescritti dalla legge per la tipologia di attivit\u00e0 e comunque fino alla revoca del consenso o fino all\u2019esercizio del diritto di opposizione<\/td>\n<td width=\"264\">Provv. generale del 15\/05\/13; art.21 Reg. UE 2016\/679<\/td>\n<\/tr>\n<tr>\n<td width=\"151\">Immagini videosorveglianza<\/td>\n<td width=\"227\">24 ore<\/td>\n<td width=\"264\">Provv. Generale del Garante; art. 21 Reg. 2016\/679<\/td>\n<\/tr>\n<tr>\n<td width=\"151\">Cookies<\/td>\n<td width=\"227\">Massimo 6-12 mesi<\/td>\n<td width=\"264\">Provv. Generale del Garante 19\/03\/2015; art. 21 Reg. UE 2016\/679<\/td>\n<\/tr>\n<tr>\n<td width=\"151\">LOG Amministratori di Sistema<\/td>\n<td width=\"227\">Massimo 6 mesi<\/td>\n<td width=\"264\">Provv. Generale del Garante 27\/11\/2008 e ss.mm.; art. 21 Reg. UE n. 2016\/679<\/td>\n<\/tr>\n<tr>\n<td width=\"151\">Dati di navigazione<\/td>\n<td width=\"227\">Ultimi 10 siti visitati<\/td>\n<td width=\"264\">Provv. Generale del Garante\/legge;<\/p>\n<p>art. 21 Reg. UE 2016\/679<\/td>\n<\/tr>\n<\/tbody>\n<\/table>\n<p>&nbsp;<\/p>\n<p>&nbsp;<\/p>\n<ol start=\"5\">\n<li>Comunicazione e diffusione dei dati &#8211; I dati non saranno diffusi e verranno trattati dai dipendenti della Societ\u00e0, che operano come persone autorizzate al trattamento dei dati in funzione delle mansioni svolte e adeguatamente I dati potranno essere comunicati a soggetti esterni tra cui anche i Responsabili nominati ai sensi dell\u2019art. 28 del GDPR. In particolare, i dati potranno essere comunicati alle seguenti categorie di soggetti, di seguito elencate a titolo esemplificativo e non esaustivo: istituti bancari e societ\u00e0 specializzate nella gestione dei pagamenti e nell\u2019assicurazione del credito, studi legali e di consulenza, soggetti incaricati della revisione del bilancio della societ\u00e0, pubbliche autorit\u00e0 o amministrazioni per gli adempimenti di legge, fornitori italiani ed esteri, societ\u00e0 di finanziamento e trasporto.<\/li>\n<\/ol>\n<p>&nbsp;<\/p>\n<ol start=\"6\">\n<li>Si precisa che un elenco dettagliato degli autorizzati del trattamento \u00e8 disponibile presso la sede legale di <strong>DRAGO F.LLI S.R.L.<\/strong> in Via Yuri Gagarin, 6\/A, a Reggio Emilia.<\/li>\n<\/ol>\n<p>&nbsp;<\/p>\n<p>Per tutte le finalit\u00e0 indicate nella presente informativa i Vostri dati potranno essere comunicati anche all\u2019estero, all\u2019interno e all\u2019esterno dell\u2019Unione Europea, nel rispetto dei diritti e delle garanzie previsti dalla normativa vigente, previa verifica che il Paese in questione garantisca un livello di protezione adeguato ai sensi di quanto previsto dal GDPR.<\/p>\n<p>&nbsp;<\/p>\n<ol start=\"7\">\n<li>Diritti dell\u2019interessato &#8211; In relazione ai predetti dati potranno essere esercitati tutti i diritti di cui all\u2019art. 7 del Codice Privacy e degli artt. 15, 16, 17, 18, 20 e 21 del GDPR, e nello specifico:<\/li>\n<\/ol>\n<ol>\n<li>il diritto di accesso ai dati personali;<\/li>\n<li>la loro rettifica in caso di inesattezza;<\/li>\n<li>la cancellazione dei dati;<\/li>\n<li>la limitazione al trattamento;<\/li>\n<li>l\u2019opposizione al trattamento;<\/li>\n<li>il diritto alla portabilit\u00e0 dei dati, ossia di ricevere in formato strutturato, di uso comune e leggibile da dispositivo automatico, i dati personali forniti e di ottenerne il trasferimento presso un altro Titolare del trattamento senza<\/li>\n<\/ol>\n<p>&nbsp;<\/p>\n<p>In caso di violazione delle presenti disposizioni, l\u2019interessato al trattamento ha il diritto di proporre reclamo presso la competente Autorit\u00e0 di Controllo. Per ulteriori delucidazioni in merito alla presente informativa o sulla tematica privacy, ovvero per esercitare i diritti o revocare il consenso, potrete scrivere a <a href=\"mailto:info@dragofratelli.it\">info@dragofratelli.it<\/a><\/p>\n<p>&nbsp;<\/p>\n<ol start=\"8\">\n<li>Revoca del consenso &#8211; Il consenso prestato in ordine al trattamento dei propri dati personali potr\u00e0 essere revocato in qualsiasi momento, senza che ci\u00f2 pregiudichi la liceit\u00e0 del trattamento dei dati effettuato nel periodo antecedente alla revoca stessa, ovvero ulteriori trattamenti fondati su basi giuridiche diverse rispetto al consenso.<\/li>\n<\/ol>\n","protected":false},"excerpt":{"rendered":"<p>Chi ordina o richiede informazioni mediante il presente sito web, accetta e prende visione della seguente informativa obbligatoria: i dati raccolti in sede d\u2019ordine, saranno usati solo per erogare il servizio e\/o fornire i prodotti acquistati ed adempiere agli obblighi normativi, gestionali, operativi e contabili. In questa pagina si descrivono le modalit\u00e0 di gestione del [&hellip;]<\/p>\n","protected":false},"author":2,"featured_media":0,"parent":0,"menu_order":0,"comment_status":"closed","ping_status":"closed","template":"","meta":{"_exactmetrics_skip_tracking":false,"_exactmetrics_sitenote_active":false,"_exactmetrics_sitenote_note":"","_exactmetrics_sitenote_category":0,"footnotes":""},"class_list":["post-4100","page","type-page","status-publish","hentry"],"_links":{"self":[{"href":"https:\/\/www.creativewall.it\/index.php?rest_route=\/wp\/v2\/pages\/4100","targetHints":{"allow":["GET"]}}],"collection":[{"href":"https:\/\/www.creativewall.it\/index.php?rest_route=\/wp\/v2\/pages"}],"about":[{"href":"https:\/\/www.creativewall.it\/index.php?rest_route=\/wp\/v2\/types\/page"}],"author":[{"embeddable":true,"href":"https:\/\/www.creativewall.it\/index.php?rest_route=\/wp\/v2\/users\/2"}],"replies":[{"embeddable":true,"href":"https:\/\/www.creativewall.it\/index.php?rest_route=%2Fwp%2Fv2%2Fcomments&post=4100"}],"version-history":[{"count":4,"href":"https:\/\/www.creativewall.it\/index.php?rest_route=\/wp\/v2\/pages\/4100\/revisions"}],"predecessor-version":[{"id":5291,"href":"https:\/\/www.creativewall.it\/index.php?rest_route=\/wp\/v2\/pages\/4100\/revisions\/5291"}],"wp:attachment":[{"href":"https:\/\/www.creativewall.it\/index.php?rest_route=%2Fwp%2Fv2%2Fmedia&parent=4100"}],"curies":[{"name":"wp","href":"https:\/\/api.w.org\/{rel}","templated":true}]}}